{"id":2018,"date":"2023-12-11T18:05:45","date_gmt":"2023-12-11T17:05:45","guid":{"rendered":"https:\/\/www.kohajda.cz\/?page_id=2018"},"modified":"2023-12-14T17:13:50","modified_gmt":"2023-12-14T16:13:50","slug":"o-kancelari","status":"publish","type":"page","link":"https:\/\/www.kohajda.cz\/en\/o-kancelari\/","title":{"rendered":"O Kancel\u00e1\u0159i"},"content":{"rendered":"<div data-elementor-type=\"wp-post\" data-elementor-id=\"2018\" class=\"elementor elementor-2018\">\n\t\t\t\t\t\t\t<div class=\"elementor-element elementor-element-d3445a5 e-flex e-con-boxed e-con e-parent\" data-id=\"d3445a5\" data-element_type=\"container\" data-settings=\"{&quot;background_background&quot;:&quot;classic&quot;,&quot;content_width&quot;:&quot;boxed&quot;}\" data-core-v316-plus=\"true\">\n\t\t\t\t\t<div class=\"e-con-inner\">\n\t\t<div class=\"elementor-element elementor-element-a9d34f7 e-con-full e-flex e-con e-child\" data-id=\"a9d34f7\" data-element_type=\"container\" data-settings=\"{&quot;content_width&quot;:&quot;full&quot;}\">\n\t\t\t\t<div class=\"elementor-element elementor-element-243480b elementor-widget elementor-widget-heading\" data-id=\"243480b\" data-element_type=\"widget\" data-widget_type=\"heading.default\">\n\t\t\t\t<div class=\"elementor-widget-container\">\n\t\t\t<style>\/*! elementor - v3.18.0 - 06-12-2023 *\/\n.elementor-heading-title{padding:0;margin:0;line-height:1}.elementor-widget-heading .elementor-heading-title[class*=elementor-size-]>a{color:inherit;font-size:inherit;line-height:inherit}.elementor-widget-heading .elementor-heading-title.elementor-size-small{font-size:15px}.elementor-widget-heading .elementor-heading-title.elementor-size-medium{font-size:19px}.elementor-widget-heading .elementor-heading-title.elementor-size-large{font-size:29px}.elementor-widget-heading .elementor-heading-title.elementor-size-xl{font-size:39px}.elementor-widget-heading .elementor-heading-title.elementor-size-xxl{font-size:59px}<\/style><h1 class=\"elementor-heading-title elementor-size-default\">About<\/h1>\t\t<\/div>\n\t\t\t\t<\/div>\n\t\t\t\t<\/div>\n\t\t\t\t\t<\/div>\n\t\t\t\t<\/div>\n\t\t<div class=\"elementor-element elementor-element-366c1d0 e-flex e-con-boxed e-con e-parent\" data-id=\"366c1d0\" data-element_type=\"container\" data-settings=\"{&quot;content_width&quot;:&quot;boxed&quot;}\" data-core-v316-plus=\"true\">\n\t\t\t\t\t<div class=\"e-con-inner\">\n\t\t<div class=\"elementor-element elementor-element-0dd91f7 e-con-full e-flex e-con e-child\" data-id=\"0dd91f7\" data-element_type=\"container\" data-settings=\"{&quot;content_width&quot;:&quot;full&quot;}\">\n\t\t\t\t<div class=\"elementor-element elementor-element-4692f94 elementor-widget elementor-widget-text-editor\" data-id=\"4692f94\" data-element_type=\"widget\" data-widget_type=\"text-editor.default\">\n\t\t\t\t<div class=\"elementor-widget-container\">\n\t\t\t<style>\/*! elementor - v3.18.0 - 06-12-2023 *\/\n.elementor-widget-text-editor.elementor-drop-cap-view-stacked .elementor-drop-cap{background-color:#69727d;color:#fff}.elementor-widget-text-editor.elementor-drop-cap-view-framed .elementor-drop-cap{color:#69727d;border:3px solid;background-color:transparent}.elementor-widget-text-editor:not(.elementor-drop-cap-view-default) .elementor-drop-cap{margin-top:8px}.elementor-widget-text-editor:not(.elementor-drop-cap-view-default) .elementor-drop-cap-letter{width:1em;height:1em}.elementor-widget-text-editor .elementor-drop-cap{float:left;text-align:center;line-height:1;font-size:50px}.elementor-widget-text-editor .elementor-drop-cap-letter{display:inline-block}<\/style>\t\t\t\t<p>Our law firm was established in Prague on 1 January 2012 and has gradually developed since its inception. Although it is based in Olomouc, its specialised services are sought by clients from all over the Czech Republic and Slovakia, Germany, Austria, and the UK, including branches of large European corporations.<\/p><p>Our lawyers specialise in financial law, particularly financial markets law and tax law. They also have extensive experience in real estate law, ranging from managing matters related to real estate construction to contractual arrangements for its lease or sale. Likewise, they provide their clients with a full range of corporate legal services, commercial contractual agendas, and claims management. Legal advice provided to clients in acquiring companies and business establishments is also one of our core legal services.<\/p><p>In their work, our lawyers always ensure that the economic and tax consequences are carefully considered during the implementation of each legal action of their clients, which significantly distinguishes our law firm from most competing law firms. In addition, our law firm has long worked with carefully selected experts in related branches and, therefore, also provides or arranges the services of executors, insolvency administrators, and financial and accounting advice.\n\nAs the firm\u2019s lawyers are also actively involved in the legislative process of the Czech Republic, they have the advantage of detailed knowledge of the upcoming legislation. They can thus inform their clients about specific forthcoming changes that affect them and help them to prepare for these changes correctly.<\/p><p>The number of lawyers at our law firm allows individual and non-anonymous cooperation with clients in addressing their legal needs. As a result, each client knows which concrete person is working on their matter. The reasonable size of the law firm and the use of modern software solutions for administration and communication with clients is also why legal services can be provided to clients at the highest level at very competitive contract prices.<\/p>\t\t\t\t\t\t<\/div>\n\t\t\t\t<\/div>\n\t\t\t\t<\/div>\n\t\t\t\t\t<\/div>\n\t\t\t\t<\/div>\n\t\t\t\t\t\t\t<\/div>","protected":false},"excerpt":{"rendered":"<p>O kancel\u00e1\u0159i Pr\u00e1vn\u00edci na\u0161\u00ed advok\u00e1tn\u00ed kancel\u00e1\u0159e se specializuj\u00ed na oblast finan\u010dn\u00edho pr\u00e1va, zejm\u00e9na na pr\u00e1vo finan\u010dn\u00edch trh\u016f, investi\u010dn\u00edch slu\u017eeb a investi\u010dn\u00edch produkt\u016f a na da\u0148ov\u00e9 pr\u00e1vo, bohat\u00e9 zku\u0161enosti maj\u00ed tak\u00e9 s pr\u00e1vn\u00edmi vztahy t\u00fdkaj\u00edc\u00edmi se nemovit\u00fdch v\u011bc\u00ed, a to od zaji\u0161t\u011bn\u00ed z\u00e1le\u017eitost\u00ed spojen\u00fdch s jejich v\u00fdstavbou a\u017e po smluvn\u00ed \u00fapravu jejich pron\u00e1jmu nebo prodeje. Stejn\u011b &hellip;<\/p>\n<p class=\"read-more\"> <a class=\"\" href=\"https:\/\/www.kohajda.cz\/en\/o-kancelari\/\"> <span class=\"screen-reader-text\">O Kancel\u00e1\u0159i<\/span> Read More &raquo;<\/a><\/p>","protected":false},"author":1,"featured_media":0,"parent":0,"menu_order":0,"comment_status":"closed","ping_status":"closed","template":"","meta":{"site-sidebar-layout":"no-sidebar","site-content-layout":"page-builder","ast-site-content-layout":"full-width-container","site-content-style":"unboxed","site-sidebar-style":"unboxed","ast-global-header-display":"","ast-banner-title-visibility":"","ast-main-header-display":"","ast-hfb-above-header-display":"","ast-hfb-below-header-display":"","ast-hfb-mobile-header-display":"","site-post-title":"disabled","ast-breadcrumbs-content":"","ast-featured-img":"","footer-sml-layout":"","theme-transparent-header-meta":"enabled","adv-header-id-meta":"","stick-header-meta":"","header-above-stick-meta":"","header-main-stick-meta":"","header-below-stick-meta":"","astra-migrate-meta-layouts":"set","ast-page-background-enabled":"default","ast-page-background-meta":{"desktop":{"background-color":"","background-image":"","background-repeat":"repeat","background-position":"center center","background-size":"auto","background-attachment":"scroll","background-type":"","background-media":"","overlay-type":"","overlay-color":"","overlay-gradient":""},"tablet":{"background-color":"","background-image":"","background-repeat":"repeat","background-position":"center center","background-size":"auto","background-attachment":"scroll","background-type":"","background-media":"","overlay-type":"","overlay-color":"","overlay-gradient":""},"mobile":{"background-color":"","background-image":"","background-repeat":"repeat","background-position":"center center","background-size":"auto","background-attachment":"scroll","background-type":"","background-media":"","overlay-type":"","overlay-color":"","overlay-gradient":""}},"ast-content-background-meta":{"desktop":{"background-color":"var(--ast-global-color-5)","background-image":"","background-repeat":"repeat","background-position":"center center","background-size":"auto","background-attachment":"scroll","background-type":"","background-media":"","overlay-type":"","overlay-color":"","overlay-gradient":""},"tablet":{"background-color":"var(--ast-global-color-5)","background-image":"","background-repeat":"repeat","background-position":"center center","background-size":"auto","background-attachment":"scroll","background-type":"","background-media":"","overlay-type":"","overlay-color":"","overlay-gradient":""},"mobile":{"background-color":"var(--ast-global-color-5)","background-image":"","background-repeat":"repeat","background-position":"center center","background-size":"auto","background-attachment":"scroll","background-type":"","background-media":"","overlay-type":"","overlay-color":"","overlay-gradient":""}},"footnotes":""},"class_list":["post-2018","page","type-page","status-publish","hentry"],"_links":{"self":[{"href":"https:\/\/www.kohajda.cz\/en\/wp-json\/wp\/v2\/pages\/2018","targetHints":{"allow":["GET"]}}],"collection":[{"href":"https:\/\/www.kohajda.cz\/en\/wp-json\/wp\/v2\/pages"}],"about":[{"href":"https:\/\/www.kohajda.cz\/en\/wp-json\/wp\/v2\/types\/page"}],"author":[{"embeddable":true,"href":"https:\/\/www.kohajda.cz\/en\/wp-json\/wp\/v2\/users\/1"}],"replies":[{"embeddable":true,"href":"https:\/\/www.kohajda.cz\/en\/wp-json\/wp\/v2\/comments?post=2018"}],"version-history":[{"count":7,"href":"https:\/\/www.kohajda.cz\/en\/wp-json\/wp\/v2\/pages\/2018\/revisions"}],"predecessor-version":[{"id":2090,"href":"https:\/\/www.kohajda.cz\/en\/wp-json\/wp\/v2\/pages\/2018\/revisions\/2090"}],"wp:attachment":[{"href":"https:\/\/www.kohajda.cz\/en\/wp-json\/wp\/v2\/media?parent=2018"}],"curies":[{"name":"wp","href":"https:\/\/api.w.org\/{rel}","templated":true}]}}