{"id":1986,"date":"2023-12-11T17:52:34","date_gmt":"2023-12-11T16:52:34","guid":{"rendered":"https:\/\/www.kohajda.cz\/?page_id=1986"},"modified":"2023-12-11T18:00:17","modified_gmt":"2023-12-11T17:00:17","slug":"dane","status":"publish","type":"page","link":"https:\/\/www.kohajda.cz\/en\/dane\/","title":{"rendered":"Taxes"},"content":{"rendered":"<div data-elementor-type=\"wp-post\" data-elementor-id=\"1986\" class=\"elementor elementor-1986\">\n\t\t\t\t\t\t\t<div class=\"elementor-element elementor-element-d3445a5 e-flex e-con-boxed e-con e-parent\" data-id=\"d3445a5\" data-element_type=\"container\" data-settings=\"{&quot;background_background&quot;:&quot;classic&quot;,&quot;content_width&quot;:&quot;boxed&quot;}\" data-core-v316-plus=\"true\">\n\t\t\t\t\t<div class=\"e-con-inner\">\n\t\t<div class=\"elementor-element elementor-element-a9d34f7 e-con-full e-flex e-con e-child\" data-id=\"a9d34f7\" data-element_type=\"container\" data-settings=\"{&quot;content_width&quot;:&quot;full&quot;}\">\n\t\t\t\t<div class=\"elementor-element elementor-element-243480b elementor-widget elementor-widget-heading\" data-id=\"243480b\" data-element_type=\"widget\" data-widget_type=\"heading.default\">\n\t\t\t\t<div class=\"elementor-widget-container\">\n\t\t\t<style>\/*! elementor - v3.18.0 - 06-12-2023 *\/\n.elementor-heading-title{padding:0;margin:0;line-height:1}.elementor-widget-heading .elementor-heading-title[class*=elementor-size-]>a{color:inherit;font-size:inherit;line-height:inherit}.elementor-widget-heading .elementor-heading-title.elementor-size-small{font-size:15px}.elementor-widget-heading .elementor-heading-title.elementor-size-medium{font-size:19px}.elementor-widget-heading .elementor-heading-title.elementor-size-large{font-size:29px}.elementor-widget-heading .elementor-heading-title.elementor-size-xl{font-size:39px}.elementor-widget-heading .elementor-heading-title.elementor-size-xxl{font-size:59px}<\/style><h1 class=\"elementor-heading-title elementor-size-default\">Taxes<\/h1>\t\t<\/div>\n\t\t\t\t<\/div>\n\t\t\t\t<\/div>\n\t\t\t\t\t<\/div>\n\t\t\t\t<\/div>\n\t\t<div class=\"elementor-element elementor-element-366c1d0 e-flex e-con-boxed e-con e-parent\" data-id=\"366c1d0\" data-element_type=\"container\" data-settings=\"{&quot;content_width&quot;:&quot;boxed&quot;}\" data-core-v316-plus=\"true\">\n\t\t\t\t\t<div class=\"e-con-inner\">\n\t\t<div class=\"elementor-element elementor-element-0dd91f7 e-con-full e-flex e-con e-child\" data-id=\"0dd91f7\" data-element_type=\"container\" data-settings=\"{&quot;content_width&quot;:&quot;full&quot;}\">\n\t\t\t\t<div class=\"elementor-element elementor-element-4692f94 elementor-widget elementor-widget-text-editor\" data-id=\"4692f94\" data-element_type=\"widget\" data-widget_type=\"text-editor.default\">\n\t\t\t\t<div class=\"elementor-widget-container\">\n\t\t\t<style>\/*! elementor - v3.18.0 - 06-12-2023 *\/\n.elementor-widget-text-editor.elementor-drop-cap-view-stacked .elementor-drop-cap{background-color:#69727d;color:#fff}.elementor-widget-text-editor.elementor-drop-cap-view-framed .elementor-drop-cap{color:#69727d;border:3px solid;background-color:transparent}.elementor-widget-text-editor:not(.elementor-drop-cap-view-default) .elementor-drop-cap{margin-top:8px}.elementor-widget-text-editor:not(.elementor-drop-cap-view-default) .elementor-drop-cap-letter{width:1em;height:1em}.elementor-widget-text-editor .elementor-drop-cap{float:left;text-align:center;line-height:1;font-size:50px}.elementor-widget-text-editor .elementor-drop-cap-letter{display:inline-block}<\/style>\t\t\t\t<p>We represent our clients in tax proceedings before the tax and customs administration and in tax disputes in the administrative courts. In this area, we offer superior legal services based on our team members\u2018 legal and tax expertise, who provide these commercial legal services on a large scale, teach tax law at Czech universities, and collaborate on drafting legislation.<\/p><p>The direct involvement of our team members in the legislative process brings clear benefits to our clients as we prepare our clients for future legislation well in advance as part of our legal services.<\/p><p>In this area, we also work closely with external tax advisors and accountants and take advantage of consulting with the Ministry of Finance and central tax and customs authorities.<\/p><p>This specialisation includes legal services related to:<\/p><ul><li>tax disputes in the administrative justice system,<\/li><li>tax advisory services,<\/li><li>representation in proceedings before the tax and customs administrations,<\/li><li>analysing and advising on the tax law context of our client\u2019s commercial and investment matters,<\/li><li>advising on tax law issues related to the disposal of real estate.<\/li><\/ul>\t\t\t\t\t\t<\/div>\n\t\t\t\t<\/div>\n\t\t\t\t<\/div>\n\t\t\t\t\t<\/div>\n\t\t\t\t<\/div>\n\t\t\t\t\t\t\t<\/div>","protected":false},"excerpt":{"rendered":"<p>Dan\u011b Na\u0161e klienty zastupujeme v da\u0148ov\u00e9m \u0159\u00edzen\u00ed p\u0159ed finan\u010dn\u00ed a celn\u00ed spr\u00e1vou a v da\u0148ov\u00fdch sporech ve spr\u00e1vn\u00edm soudnictv\u00ed. V t\u00e9to oblasti nab\u00edz\u00edme nadstandardn\u00ed pr\u00e1vn\u00ed slu\u017eby vych\u00e1zej\u00edc\u00ed z propojen\u00ed pr\u00e1vn\u00edch a da\u0148ov\u00fdch znalost\u00ed \u010dlen\u016f na\u0161eho t\u00fdmu, kte\u0159\u00ed nejen \u017ee ve velk\u00e9m rozsahu poskytuj\u00ed tyto komer\u010dn\u00ed pr\u00e1vn\u00ed slu\u017eby, ale da\u0148ov\u00e9 pr\u00e1vo vyu\u010duj\u00ed na \u010desk\u00fdch univerzit\u00e1ch a &hellip;<\/p>\n<p class=\"read-more\"> <a class=\"\" href=\"https:\/\/www.kohajda.cz\/en\/dane\/\"> <span class=\"screen-reader-text\">Taxes<\/span> Read More &raquo;<\/a><\/p>","protected":false},"author":1,"featured_media":0,"parent":0,"menu_order":0,"comment_status":"closed","ping_status":"closed","template":"","meta":{"site-sidebar-layout":"no-sidebar","site-content-layout":"page-builder","ast-site-content-layout":"full-width-container","site-content-style":"unboxed","site-sidebar-style":"unboxed","ast-global-header-display":"","ast-banner-title-visibility":"","ast-main-header-display":"","ast-hfb-above-header-display":"","ast-hfb-below-header-display":"","ast-hfb-mobile-header-display":"","site-post-title":"disabled","ast-breadcrumbs-content":"","ast-featured-img":"","footer-sml-layout":"","theme-transparent-header-meta":"enabled","adv-header-id-meta":"","stick-header-meta":"","header-above-stick-meta":"","header-main-stick-meta":"","header-below-stick-meta":"","astra-migrate-meta-layouts":"set","ast-page-background-enabled":"default","ast-page-background-meta":{"desktop":{"background-color":"","background-image":"","background-repeat":"repeat","background-position":"center center","background-size":"auto","background-attachment":"scroll","background-type":"","background-media":"","overlay-type":"","overlay-color":"","overlay-gradient":""},"tablet":{"background-color":"","background-image":"","background-repeat":"repeat","background-position":"center center","background-size":"auto","background-attachment":"scroll","background-type":"","background-media":"","overlay-type":"","overlay-color":"","overlay-gradient":""},"mobile":{"background-color":"","background-image":"","background-repeat":"repeat","background-position":"center center","background-size":"auto","background-attachment":"scroll","background-type":"","background-media":"","overlay-type":"","overlay-color":"","overlay-gradient":""}},"ast-content-background-meta":{"desktop":{"background-color":"var(--ast-global-color-5)","background-image":"","background-repeat":"repeat","background-position":"center center","background-size":"auto","background-attachment":"scroll","background-type":"","background-media":"","overlay-type":"","overlay-color":"","overlay-gradient":""},"tablet":{"background-color":"var(--ast-global-color-5)","background-image":"","background-repeat":"repeat","background-position":"center center","background-size":"auto","background-attachment":"scroll","background-type":"","background-media":"","overlay-type":"","overlay-color":"","overlay-gradient":""},"mobile":{"background-color":"var(--ast-global-color-5)","background-image":"","background-repeat":"repeat","background-position":"center center","background-size":"auto","background-attachment":"scroll","background-type":"","background-media":"","overlay-type":"","overlay-color":"","overlay-gradient":""}},"footnotes":""},"class_list":["post-1986","page","type-page","status-publish","hentry"],"_links":{"self":[{"href":"https:\/\/www.kohajda.cz\/en\/wp-json\/wp\/v2\/pages\/1986","targetHints":{"allow":["GET"]}}],"collection":[{"href":"https:\/\/www.kohajda.cz\/en\/wp-json\/wp\/v2\/pages"}],"about":[{"href":"https:\/\/www.kohajda.cz\/en\/wp-json\/wp\/v2\/types\/page"}],"author":[{"embeddable":true,"href":"https:\/\/www.kohajda.cz\/en\/wp-json\/wp\/v2\/users\/1"}],"replies":[{"embeddable":true,"href":"https:\/\/www.kohajda.cz\/en\/wp-json\/wp\/v2\/comments?post=1986"}],"version-history":[{"count":7,"href":"https:\/\/www.kohajda.cz\/en\/wp-json\/wp\/v2\/pages\/1986\/revisions"}],"predecessor-version":[{"id":2007,"href":"https:\/\/www.kohajda.cz\/en\/wp-json\/wp\/v2\/pages\/1986\/revisions\/2007"}],"wp:attachment":[{"href":"https:\/\/www.kohajda.cz\/en\/wp-json\/wp\/v2\/media?parent=1986"}],"curies":[{"name":"wp","href":"https:\/\/api.w.org\/{rel}","templated":true}]}}